{"id":16,"date":"2025-04-14T21:00:44","date_gmt":"2025-04-14T21:00:44","guid":{"rendered":"https:\/\/karierawfarmacji.pl\/?page_id=16"},"modified":"2025-11-07T14:47:20","modified_gmt":"2025-11-07T13:47:20","slug":"regulamin","status":"publish","type":"page","link":"https:\/\/karierawfarmacji.pl\/en\/regulamin\/","title":{"rendered":"Regulamin sklepu"},"content":{"rendered":"<p>Regulamin konta<\/p>\n\n\n\n<p>Regulamin konta na Kariera w Farmacji<\/p>\n\n\n\n<p><strong>SPIS TRE\u015aCI<\/strong><\/p>\n\n\n\n<p><strong>1<\/strong>&nbsp;Definicje<\/p>\n\n\n\n<p><strong>2<\/strong>&nbsp;Kontakt ze Us\u0142ugodawc\u0105<\/p>\n\n\n\n<p><strong>3<\/strong>&nbsp;Wymogi techniczne<\/p>\n\n\n\n<p><strong>4<\/strong>&nbsp;Konto<\/p>\n\n\n\n<p><strong>5<\/strong>&nbsp;Sklep<\/p>\n\n\n\n<p><strong>6<\/strong>&nbsp;Reklamacje \/ Gwarancja jako\u015bci<\/p>\n\n\n\n<p><strong>7<\/strong>&nbsp;Dane osobowe<\/p>\n\n\n\n<p><strong>8<\/strong>&nbsp;Zastrze\u017cenia<\/p>\n\n\n\n<p><strong>1 DEFINICJE<\/strong><\/p>\n\n\n\n<p><strong>Platforma<\/strong>&nbsp;\u2013 platforma Kariera w Farmacji prowadzona przez&nbsp;<strong>Us\u0142ugodawc\u0119<\/strong>&nbsp;pod adresem karierawfarmacji.pl<br><strong>Us\u0142ugodawca&nbsp;<\/strong>\u2013 podmiot, kt\u00f3ry jest w\u0142a\u015bcicielem Platformy i jednocze\u015bnie&nbsp;<strong>Sprzedawc\u0105&nbsp;<\/strong>innoMED Justyna Uman-Ntuk, ul. Lipowa 3\/408, 30-703 Krak\u00f3w, NIP 837&nbsp;176 13 41.<br><strong>Dni robocze<\/strong>&nbsp;\u2013 od poniedzia\u0142ku do pi\u0105tku za wyj\u0105tkiem dni ustawowo wolnych od pracy.<br><strong>Konto<\/strong>&nbsp;\u2013 uregulowana w niniejszym regulaminie funkcja Kariera w Farmacji (us\u0142uga \u015bwiadczona drog\u0105 elektroniczn\u0105), dzi\u0119ki kt\u00f3rej U\u017cytkownik mo\u017ce za\u0142o\u017cy\u0107 swoje indywidualne Konto oraz wykupi\u0107 dost\u0119p do Kurs\u00f3w online.<br><strong>Produkt<\/strong>\u2013 kurs online, czyli towar wirtualny ofertowany w sklepie internetowym na Platformie.<br><strong>Regulamin<\/strong>&nbsp;\u2013 niniejszy regulamin.<br><strong>Sprzedawca<\/strong>&nbsp;\u2013 innoMED Justyna Uman-Ntuk, ul. Lipowa 3\/408, 30-703 Krak\u00f3w, NIP 837 176 13 41<br><strong>Towar wirtualny<\/strong>&nbsp;\u2013 towar, kt\u00f3ry nie posiada fizycznej postaci, jak kurs online.<br><strong>U\u017cytkownik<\/strong>&nbsp;\u2013 ka\u017cdy podmiot korzystaj\u0105cy z Platformy.<br><strong>P\u0142atnik<\/strong>&nbsp;\u2013 U\u017cytkownik, kt\u00f3ry korzystaj\u0105c ze sklepu wykupi\u0142 jeden z dost\u0119pnych Produkt\u00f3w<br><strong>Produkt<\/strong>&nbsp;\u2013 Og\u0142oszenie, pakiet og\u0142osze\u0144 lub dodatkowych mo\u017cliwo\u015bci ekspozycji Og\u0142osze\u0144, jakie mo\u017cna zam\u00f3wi\u0107 za pomoc\u0105 Sklep<br><strong>Sklep<\/strong>&nbsp;\u2013 Internetowy sklep, w kt\u00f3rym mo\u017cna zam\u00f3wi\u0107 Produkty<br><strong>Sprzedawca<\/strong>&nbsp;\u2013 innoMED Justyna Uman-Ntuk, ul. Lipowa 3\/408, 30-703 Krak\u00f3w, NIP 837&nbsp;176 13 41.<br><strong>Cena<\/strong>&nbsp;\u2013 koszt produktu powi\u0119kszony o warto\u015b\u0107 podatku VAT.<\/p>\n\n\n\n<p><strong>2 KONTAKT Z US\u0141UGODAWC\u0104<\/strong><\/p>\n\n\n\n<ol class=\"wp-block-list\">\n<li>Adres pocztowy: ul. Lipowa 3\/408, 30-703 Krak\u00f3w<\/li>\n\n\n\n<li>Adres e-mail: kontakt@karierawfarmacji.pl<\/li>\n<\/ol>\n\n\n\n<p><strong>3 WYMOGI TECHNICZNE<\/strong><\/p>\n\n\n\n<ol class=\"wp-block-list\">\n<li>Dla prawid\u0142owego funkcjonowania i za\u0142o\u017cenia Konta potrzebne jest:<\/li>\n<\/ol>\n\n\n\n<ul class=\"wp-block-list\">\n<li>Aktywne konto e-mail<\/li>\n\n\n\n<li>Urz\u0105dzenie z dost\u0119pem do Internetu<\/li>\n\n\n\n<li>Przegl\u0105darka internetowa obs\u0142uguj\u0105ca JavaScript i pliki cookies<\/li>\n<\/ul>\n\n\n\n<ol start=\"2\" class=\"wp-block-list\">\n<li>Dla z\u0142o\u017cenia zam\u00f3wienia w Sklepie, poza wymogami okre\u015blonymi w ust. 1, niezb\u0119dne jest aktywne konto e-mail.<\/li>\n<\/ol>\n\n\n\n<p><strong>4 KONTO<\/strong><\/p>\n\n\n\n<ol class=\"wp-block-list\">\n<li>Za\u0142o\u017cenie Konta jest ca\u0142kowicie dobrowolne i zale\u017cne od woli U\u017cytkownika.<\/li>\n\n\n\n<li>Konto daje U\u017cytkownikowi dodatkowe mo\u017cliwo\u015bci, takie jak: przegl\u0105danie historycznych zakup\u00f3w, korzystanie z Produktu.<\/li>\n\n\n\n<li>W celu za\u0142o\u017cenia Konta nale\u017cy wype\u0142ni\u0107 stosowny formularz na Platformie, z zachowaniem poni\u017cszych zasad:<\/li>\n<\/ol>\n\n\n\n<ul class=\"wp-block-list\">\n<li>U\u017cytkownik wype\u0142nia wszystkie pola formularza, chyba, \u017ce s\u0105 oznaczone jako opcjonalne.<\/li>\n\n\n\n<li>Informacje wpisane do formularza musz\u0105 dotyczy\u0107 wy\u0142\u0105cznie U\u017cytkownika lub jego pracodawcy i by\u0107 zgodne z prawd\u0105 \u2013 brak zgodno\u015bci ze stanem faktycznym mo\u017ce skutkowa\u0107 zawieszeniem lub usuni\u0119ciem konta przez Us\u0142ugodawc\u0119 bez wcze\u015bniejszego ostrze\u017cenia.<\/li>\n\n\n\n<li>U\u017cytkownik powinien zapozna\u0107 si\u0119 i potwierdzi\u0107 fakt zapoznania si\u0119 z tre\u015bci\u0105 Regulaminu oznaczaj\u0105c odpowiednie pole formularza rejestracyjnego.<\/li>\n\n\n\n<li>U\u017cytkownik powinien wyrazi\u0107 zgod\u0119 na \u015bwiadczenie us\u0142ug, w szczeg\u00f3lno\u015bci dost\u0119pu do Konta i szczeg\u00f3lnych us\u0142ug serwisu drog\u0105 elektroniczn\u0105.<\/li>\n\n\n\n<li>U\u017cytkownik powinien wyrazi\u0107 zgod\u0119 na przetwarzanie jego danych osobowych zgodnie z postanowieniami Polityki Prywatno\u015bci.<\/li>\n<\/ul>\n\n\n\n<ol start=\"4\" class=\"wp-block-list\">\n<li>W momencie za\u0142o\u017cenia Konta zawierana jest na czas nieokre\u015blony pomi\u0119dzy U\u017cytkownikiem a Us\u0142ugodawc\u0105 umowa w zakresie prowadzenia Konta na zasadach wskazanych w Regulaminie.<\/li>\n\n\n\n<li>U\u017cytkownik mo\u017ce bez ponoszenia jakichkolwiek koszt\u00f3w w ka\u017cdym czasie zrezygnowa\u0107 z Konta.<\/li>\n\n\n\n<li>W trakcie rejestracji U\u017cytkownik mo\u017ce wyrazi\u0107 zgod\u0119 na przetwarzanie jego danych osobowych w celach marketingowych.<\/li>\n\n\n\n<li>W celu dokonania rezygnacji z Konta nale\u017cy wys\u0142a\u0107 swoj\u0105 rezygnacj\u0119 do Us\u0142ugodawcy na adres e-mail: kontakt@karierawfarmacji.pl, czego skutkiem b\u0119dzie niezw\u0142oczne usuni\u0119cia Konta oraz rozwi\u0105zanie umowy w zakresie prowadzenia Konta.<\/li>\n\n\n\n<li>Zabronione jest udost\u0119pnianie swojego Konta osobom trzecim \u2013 ka\u017cdorazowe z\u0142amanie tego zakazu skutkowa\u0142o b\u0119dzie bezpowrotnym usuni\u0119ciem konta wraz z subskrypcjami.<\/li>\n\n\n\n<li>Us\u0142ugodawca mo\u017ce odm\u00f3wi\u0107 U\u017cytkownikowi rejestracji Konta lub usun\u0105\u0107 Konto, jak r\u00f3wnie\u017c odm\u00f3wi\u0107 \u015bwiadczenia us\u0142ug oraz dostawy lub udost\u0119pniania tre\u015bci cyfrowych na rzecz U\u017cytkownika w przypadku gdy:\n<ul class=\"wp-block-list\">\n<li>Wykryte zostan\u0105 nieprawid\u0142owe dane podane w formularzu rejestracyjnym.<\/li>\n\n\n\n<li>Cel rejestracji lub dzia\u0142alno\u015b\u0107 U\u017cytkownika jest sprzeczna z Regulaminem albo przepisami prawa, zasadami wsp\u00f3\u0142\u017cycia spo\u0142ecznego oraz etyki zawodowej.<\/li>\n\n\n\n<li>U\u017cytkownik narusza postanowienia Regulaminu albo przepisy prawa, zasady wsp\u00f3\u0142\u017cycia spo\u0142ecznego oraz etyki zawodowej, w szczeg\u00f3lno\u015bci, gdy udost\u0119pnia konto osobom trzecim.<\/li>\n<\/ul>\n<\/li>\n<\/ol>\n\n\n\n<p><strong>5 SKLEP<\/strong><\/p>\n\n\n\n<ol class=\"wp-block-list\">\n<li>Pracodawca mo\u017ce za pomoc\u0105 Sklepu dokona\u0107 zakupu Produkt\u00f3w online.<\/li>\n\n\n\n<li>Cena poszczeg\u00f3lnych produkt\u00f3w wyszczeg\u00f3lniona jest na Platformie. Kwoty te uwzgl\u0119dniaj\u0105 podatek VAT (23%).<\/li>\n\n\n\n<li>Sprzedawca przewiduje nast\u0119puj\u0105ce formy rozlicze\u0144: \u201eszybki przelewu\u201d dost\u0119pny za po\u015brednictwem zintegrowanej z systemem sklepu platformy p\u0142atniczej PayU lub dotpay.<\/li>\n\n\n\n<li>Po dokonaniu zakupu za pomoc\u0105 Sklepu Pracodawca otrzyma wiadomo\u015b\u0107 mail z potwierdzeniem dokonania zakupu wys\u0142an\u0105 na adres mail podany w czasie rejestracji konta.<\/li>\n\n\n\n<li>Aby otrzyma\u0107 faktur\u0119, U\u017cytkownik w czasie zakupu produkt\u00f3w musi poda\u0107 poprawne dane do wystawienia faktury LUB skontaktowa\u0107 si\u0119 bezpo\u015brednio ze Sprzedaj\u0105cym za pomoc\u0105 maila kontakt@karierawframacji.pl.<\/li>\n\n\n\n<li>Wnioski o dokonanie korekty na wystawionych fakturach nale\u017cy zg\u0142asza\u0107 w ci\u0105gu 7 dni od momentu dokonania zakupu. Zg\u0142oszenia dokonane powy\u017cej tego terminu nie b\u0119d\u0105 rozpatrywane.<\/li>\n<\/ol>\n\n\n\n<p><strong>6 REKLAMACJE \/ GWARANCJA JAKO\u015aCI<\/strong><\/p>\n\n\n\n<ol class=\"wp-block-list\">\n<li>Reklamacje dotycz\u0105ce funkcjonowania Konta nale\u017cy kierowa\u0107 na adres e-mail kontakt@karierawfarmacji.pl<\/li>\n\n\n\n<li>U\u017cytkownikowi przys\u0142uguje prawo do zwrotu \u015brodk\u00f3w je\u015bli istnieje niezgodno\u015b\u0107 informacji komunikowanych o Produkcie a jego faktycznym stanem. Aby uzyska\u0107 zwrot, Uczestnik musi w ci\u0105gu 7 dni od dokonania zakupu wystosowa\u0107 pro\u015bb\u0119 z uzasadnieniem na adres kontakt@karierawfarmacji.pl. Pro\u015bba zostanie rozpatrzona w terminie 7 dni od daty wp\u0142ywu. Inne sytuacje reguluj\u0105 przepisy Urz\u0119du Ochrony Konkurencji i Konsument\u00f3w.<\/li>\n\n\n\n<li>W przypadku pozytywnego rozpatrzenia wniosku o zwrot koszt\u00f3w Produktu, Sprzedawca dokona zwrotu tej wp\u0142aty pomniejszonej o koszty dokonania jej zwrotu w najta\u0144szy dost\u0119pny spos\u00f3b w terminie do 14 dni od dnia przes\u0142ania wniosku do Sprzedawcy.<\/li>\n\n\n\n<li>Je\u015bli pracodawca nie ma mo\u017cliwo\u015bci dokonania zakupu za pomoc\u0105 Sklepu, Sprzedawca mo\u017ce wystawi\u0107 faktur\u0119 proforma. Aby otrzyma\u0107 faktur\u0119 proforma, nale\u017cy skontaktowa\u0107 si\u0119 mailowo ze Sprzedawc\u0105 za pomoc\u0105 maila kontakt@karierawfarmacji.pl.<\/li>\n<\/ol>\n\n\n\n<p><strong>POZAS\u0104DOWE SPOSOBY ROZPATRYWANIA REKLAMACJI I DOCHODZENIA ROSZCZE\u0143<\/strong><\/p>\n\n\n\n<ol class=\"wp-block-list\">\n<li>W przypadku gdy post\u0119powanie reklamacyjne nie przyniesie oczekiwanego przez Konsumenta rezultatu Konsument mo\u017ce skorzysta\u0107 m.in. z:<\/li>\n<\/ol>\n\n\n\n<ul class=\"wp-block-list\">\n<li>Mediacji prowadzonej przez w\u0142a\u015bciwy terenowo Wojew\u00f3dzki Inspektorat Inspekcji Handlowej, do kt\u00f3rego nale\u017cy si\u0119 zwr\u00f3ci\u0107 z wnioskiem o mediacj\u0119. Co do zasady post\u0119powanie jest bezp\u0142atne. Wykaz Inspektorat\u00f3w znajduje si\u0119 tutaj:<\/li>\n<\/ul>\n\n\n\n<p><a href=\"https:\/\/www.uokik.gov.pl\/wazne_adresy.php#faq595.\">https:\/\/www.uokik.gov.pl\/wazne_adresy.php#faq595.<\/a><\/p>\n\n\n\n<ul class=\"wp-block-list\">\n<li>Pomocy w\u0142a\u015bciwego terenowo sta\u0142ego polubownego s\u0105du konsumenckiego dzia\u0142aj\u0105cego przy Wojew\u00f3dzkim Inspektoracie Inspekcji Handlowej, do kt\u00f3rego nale\u017cy z\u0142o\u017cy\u0107 wniosek o rozpatrzenie sprawy przed s\u0105dem polubownym. Co do zasady post\u0119powanie jest bezp\u0142atne. Wykaz s\u0105d\u00f3w dost\u0119pny jest pod adresem: https:\/\/www.uokik.gov.pl\/wazne_adresy.php#faq596.<\/li>\n\n\n\n<li>Internetowej platformy ODR dost\u0119pnej pod adresem: http:\/\/ec.europa.eu\/consumers\/odr\/.<\/li>\n<\/ul>\n\n\n\n<p><strong>7 DANE OSOBOWE<\/strong><\/p>\n\n\n\n<ol class=\"wp-block-list\">\n<li>Administratorem danych osobowych przekazanych przez U\u017cytkownika podczas korzystania z Platforma jest Us\u0142ugodawca.<\/li>\n\n\n\n<li>Podanie przez U\u017cytkownika danych osobowych podczas zak\u0142adania Konta na Platformie jest ca\u0142kowicie dobrowolne, ale jednocze\u015bnie konieczne do za\u0142o\u017cenia i prowadzenia Konta.<\/li>\n\n\n\n<li>U\u017cytkownik ma prawo wgl\u0105du do dotycz\u0105cych go danych osobowych, a tak\u017ce \u017c\u0105dania poprawienia ich.<\/li>\n\n\n\n<li>Podane przez U\u017cytkownika dane osobowe w zwi\u0105zku z Kontem b\u0119d\u0105 przetwarzane przez Us\u0142ugodawc\u0119 tylko w celach, o kt\u00f3rych mowa w niniejszym paragrafie oraz w celu \u015bwiadczenia us\u0142ug zwi\u0105zanych z u\u017cytkowaniem Platformy, w tym dost\u0119pem do Towaru wirtualnego, umieszczenia na li\u015bcie U\u017cytkownik\u00f3w, kt\u00f3rzy wykupili dany Produkt.<\/li>\n\n\n\n<li>Us\u0142ugodawca nie udost\u0119pnia osobom nieupowa\u017cnionym danych zgromadzonych na Platformie.<\/li>\n<\/ol>\n\n\n\n<p><strong>8 ZASTRZE\u017bENIA<\/strong><\/p>\n\n\n\n<ol class=\"wp-block-list\">\n<li>Zakazane jest dostarczanie przez U\u017cytkownika tre\u015bci o charakterze bezprawnym.<\/li>\n\n\n\n<li>Umowa w zakresie prowadzenia Konta zawierana jest w j\u0119zyku polskim.<\/li>\n\n\n\n<li>W przypadku zaistnienia wa\u017cnych przyczyn, o kt\u00f3rych mowa w ust. 4, Sprzedawca ma prawo do zmiany niniejszego regulaminu Konta.<\/li>\n\n\n\n<li>Wa\u017cnymi przyczynami, o kt\u00f3rych mowa w ust. 3 s\u0105:<\/li>\n<\/ol>\n\n\n\n<ul class=\"wp-block-list\">\n<li>konieczno\u015b\u0107 dostosowania Platformy do przepis\u00f3w prawa maj\u0105cych zastosowanie do dzia\u0142alno\u015bci Platformy<\/li>\n\n\n\n<li>poprawa bezpiecze\u0144stwa \u015bwiadczonej us\u0142ugi<\/li>\n\n\n\n<li>zmiana funkcjonalno\u015bci Konta wymagaj\u0105ca modyfikacji regulaminu Konta.<\/li>\n<\/ul>\n\n\n\n<p>Zarejestrowanie si\u0119 na Platformie jest r\u00f3wnoznaczne z zaakceptowaniem niniejszego Regulaminu.<\/p>\n\n\n\n<p>Kupuj\u0105cy zostanie poinformowany o planowanej zmianie regulaminu Konta co najmniej na 7 dni przed wprowadzeniem zmiany w \u017cycie, za po\u015brednictwem wiadomo\u015bci e-mail wys\u0142anej na przypisany do Konta adres.<\/p>\n\n\n\n<p>W przypadku gdy Kupuj\u0105cy nie wyrazi akceptacji dla planowanej zmiany, powinien poinformowa\u0107 o tym Sprzedawc\u0119 poprzez wys\u0142anie odpowiedniej wiadomo\u015bci na adres e-mail Sprzedawcy kontakt@karierawfarmacji.pl, czego skutkiem b\u0119dzie rozwi\u0105zanie umowy w zakresie prowadzenia Konta z chwil\u0105 wej\u015bcia w \u017cycie planowanej zmiany lub wcze\u015bniej, je\u015bli Kupuj\u0105cy zg\u0142osi takie \u017c\u0105danie.<\/p>\n\n\n\n<p>W sytuacji, gdy U\u017cytkownik nie wyrazi sprzeciwu dla planowanej zmiany do chwili wej\u015bcia jej w \u017cycie przyjmuje si\u0119, \u017ce akceptuje j\u0105, co nie stanowi \u017cadnej przeszkody do rozwi\u0105zania umowy w przysz\u0142o\u015bci.<\/p>\n\n\n\n<p>W przypadku ewentualnego sporu z U\u017cytkownikiem nie b\u0119d\u0105cym Konsumentem, s\u0105dem w\u0142a\u015bciwym b\u0119dzie s\u0105d w\u0142a\u015bciwy dla siedziby Sprzedawcy.<\/p>\n\n\n\n<p>\u017badne z postanowie\u0144 niniejszego regulaminu nie wy\u0142\u0105cza lub w \u017cadnym stopniu nie ogranicza uprawnie\u0144 Konsumenta wynikaj\u0105cych z przepis\u00f3w prawa.<\/p>\n\n\n\n<p><\/p>","protected":false},"excerpt":{"rendered":"<p>Regulamin konta Regulamin konta na Kariera w Farmacji SPIS TRE\u015aCI 1&nbsp;Definicje 2&nbsp;Kontakt ze Us\u0142ugodawc\u0105 3&nbsp;Wymogi techniczne 4&nbsp;Konto 5&nbsp;Sklep 6&nbsp;Reklamacje \/ Gwarancja jako\u015bci 7&nbsp;Dane osobowe 8&nbsp;Zastrze\u017cenia 1 DEFINICJE Platforma&nbsp;\u2013 platforma Kariera w Farmacji prowadzona przez&nbsp;Us\u0142ugodawc\u0119&nbsp;pod adresem karierawfarmacji.plUs\u0142ugodawca&nbsp;\u2013 podmiot, kt\u00f3ry jest w\u0142a\u015bcicielem Platformy i jednocze\u015bnie&nbsp;Sprzedawc\u0105&nbsp;innoMED Justyna Uman-Ntuk, ul. Lipowa 3\/408, 30-703 Krak\u00f3w, NIP 837&nbsp;176 13 41.Dni robocze&nbsp;\u2013 [&hellip;]<\/p>\n","protected":false},"author":1,"featured_media":0,"parent":0,"menu_order":0,"comment_status":"closed","ping_status":"closed","template":"","meta":{"_acf_changed":false,"_angie_page":false,"footnotes":""},"class_list":["post-16","page","type-page","status-publish","hentry"],"acf":[],"yoast_head":"<!-- This site is optimized with the Yoast SEO plugin v27.5 - https:\/\/yoast.com\/product\/yoast-seo-wordpress\/ -->\n<title>Regulamin sklepu - Kariera w farmacji<\/title>\n<meta name=\"robots\" content=\"index, follow, max-snippet:-1, max-image-preview:large, max-video-preview:-1\" \/>\n<link rel=\"canonical\" href=\"https:\/\/karierawfarmacji.pl\/en\/regulamin\/\" \/>\n<meta property=\"og:locale\" content=\"en_GB\" \/>\n<meta property=\"og:type\" content=\"article\" \/>\n<meta property=\"og:title\" content=\"Regulamin sklepu - Kariera w farmacji\" \/>\n<meta property=\"og:description\" content=\"Regulamin konta Regulamin konta na Kariera w Farmacji SPIS TRE\u015aCI 1&nbsp;Definicje 2&nbsp;Kontakt ze Us\u0142ugodawc\u0105 3&nbsp;Wymogi techniczne 4&nbsp;Konto 5&nbsp;Sklep 6&nbsp;Reklamacje \/ Gwarancja jako\u015bci 7&nbsp;Dane osobowe 8&nbsp;Zastrze\u017cenia 1 DEFINICJE Platforma&nbsp;\u2013 platforma Kariera w Farmacji prowadzona przez&nbsp;Us\u0142ugodawc\u0119&nbsp;pod adresem karierawfarmacji.plUs\u0142ugodawca&nbsp;\u2013 podmiot, kt\u00f3ry jest w\u0142a\u015bcicielem Platformy i jednocze\u015bnie&nbsp;Sprzedawc\u0105&nbsp;innoMED Justyna Uman-Ntuk, ul. Lipowa 3\/408, 30-703 Krak\u00f3w, NIP 837&nbsp;176 13 41.Dni robocze&nbsp;\u2013 [&hellip;]\" \/>\n<meta property=\"og:url\" content=\"https:\/\/karierawfarmacji.pl\/en\/regulamin\/\" \/>\n<meta property=\"og:site_name\" content=\"Kariera w farmacji\" \/>\n<meta property=\"article:modified_time\" content=\"2025-11-07T13:47:20+00:00\" \/>\n<meta name=\"twitter:card\" content=\"summary_large_image\" \/>\n<meta name=\"twitter:label1\" content=\"Estimated reading time\" \/>\n\t<meta name=\"twitter:data1\" content=\"8 minutes\" \/>\n<script type=\"application\/ld+json\" class=\"yoast-schema-graph\">{\"@context\":\"https:\\\/\\\/schema.org\",\"@graph\":[{\"@type\":\"WebPage\",\"@id\":\"https:\\\/\\\/karierawfarmacji.pl\\\/regulamin\\\/\",\"url\":\"https:\\\/\\\/karierawfarmacji.pl\\\/regulamin\\\/\",\"name\":\"Regulamin sklepu - Kariera w farmacji\",\"isPartOf\":{\"@id\":\"https:\\\/\\\/karierawfarmacji.pl\\\/#website\"},\"datePublished\":\"2025-04-14T21:00:44+00:00\",\"dateModified\":\"2025-11-07T13:47:20+00:00\",\"breadcrumb\":{\"@id\":\"https:\\\/\\\/karierawfarmacji.pl\\\/regulamin\\\/#breadcrumb\"},\"inLanguage\":\"en-GB\",\"potentialAction\":[{\"@type\":\"ReadAction\",\"target\":[\"https:\\\/\\\/karierawfarmacji.pl\\\/regulamin\\\/\"]}]},{\"@type\":\"BreadcrumbList\",\"@id\":\"https:\\\/\\\/karierawfarmacji.pl\\\/regulamin\\\/#breadcrumb\",\"itemListElement\":[{\"@type\":\"ListItem\",\"position\":1,\"name\":\"Strona g\u0142\u00f3wna\",\"item\":\"https:\\\/\\\/karierawfarmacji.pl\\\/\"},{\"@type\":\"ListItem\",\"position\":2,\"name\":\"Regulamin sklepu\"}]},{\"@type\":\"WebSite\",\"@id\":\"https:\\\/\\\/karierawfarmacji.pl\\\/#website\",\"url\":\"https:\\\/\\\/karierawfarmacji.pl\\\/\",\"name\":\"Kariera w farmacji\",\"description\":\"Kursy praca w farmacji\",\"publisher\":{\"@id\":\"https:\\\/\\\/karierawfarmacji.pl\\\/#organization\"},\"potentialAction\":[{\"@type\":\"SearchAction\",\"target\":{\"@type\":\"EntryPoint\",\"urlTemplate\":\"https:\\\/\\\/karierawfarmacji.pl\\\/?s={search_term_string}\"},\"query-input\":{\"@type\":\"PropertyValueSpecification\",\"valueRequired\":true,\"valueName\":\"search_term_string\"}}],\"inLanguage\":\"en-GB\"},{\"@type\":\"Organization\",\"@id\":\"https:\\\/\\\/karierawfarmacji.pl\\\/#organization\",\"name\":\"Kariera w farmacji\",\"url\":\"https:\\\/\\\/karierawfarmacji.pl\\\/\",\"logo\":{\"@type\":\"ImageObject\",\"inLanguage\":\"en-GB\",\"@id\":\"https:\\\/\\\/karierawfarmacji.pl\\\/#\\\/schema\\\/logo\\\/image\\\/\",\"url\":\"https:\\\/\\\/karierawfarmacji.pl\\\/wp-content\\\/uploads\\\/2025\\\/04\\\/logo-kwf-granat-png.png\",\"contentUrl\":\"https:\\\/\\\/karierawfarmacji.pl\\\/wp-content\\\/uploads\\\/2025\\\/04\\\/logo-kwf-granat-png.png\",\"width\":8930,\"height\":2850,\"caption\":\"Kariera w farmacji\"},\"image\":{\"@id\":\"https:\\\/\\\/karierawfarmacji.pl\\\/#\\\/schema\\\/logo\\\/image\\\/\"}}]}<\/script>\n<!-- \/ Yoast SEO plugin. -->","yoast_head_json":{"title":"Regulamin sklepu - Kariera w farmacji","robots":{"index":"index","follow":"follow","max-snippet":"max-snippet:-1","max-image-preview":"max-image-preview:large","max-video-preview":"max-video-preview:-1"},"canonical":"https:\/\/karierawfarmacji.pl\/en\/regulamin\/","og_locale":"en_GB","og_type":"article","og_title":"Regulamin sklepu - Kariera w farmacji","og_description":"Regulamin konta Regulamin konta na Kariera w Farmacji SPIS TRE\u015aCI 1&nbsp;Definicje 2&nbsp;Kontakt ze Us\u0142ugodawc\u0105 3&nbsp;Wymogi techniczne 4&nbsp;Konto 5&nbsp;Sklep 6&nbsp;Reklamacje \/ Gwarancja jako\u015bci 7&nbsp;Dane osobowe 8&nbsp;Zastrze\u017cenia 1 DEFINICJE Platforma&nbsp;\u2013 platforma Kariera w Farmacji prowadzona przez&nbsp;Us\u0142ugodawc\u0119&nbsp;pod adresem karierawfarmacji.plUs\u0142ugodawca&nbsp;\u2013 podmiot, kt\u00f3ry jest w\u0142a\u015bcicielem Platformy i jednocze\u015bnie&nbsp;Sprzedawc\u0105&nbsp;innoMED Justyna Uman-Ntuk, ul. Lipowa 3\/408, 30-703 Krak\u00f3w, NIP 837&nbsp;176 13 41.Dni robocze&nbsp;\u2013 [&hellip;]","og_url":"https:\/\/karierawfarmacji.pl\/en\/regulamin\/","og_site_name":"Kariera w farmacji","article_modified_time":"2025-11-07T13:47:20+00:00","twitter_card":"summary_large_image","twitter_misc":{"Estimated reading time":"8 minutes"},"schema":{"@context":"https:\/\/schema.org","@graph":[{"@type":"WebPage","@id":"https:\/\/karierawfarmacji.pl\/regulamin\/","url":"https:\/\/karierawfarmacji.pl\/regulamin\/","name":"Regulamin sklepu - Kariera w farmacji","isPartOf":{"@id":"https:\/\/karierawfarmacji.pl\/#website"},"datePublished":"2025-04-14T21:00:44+00:00","dateModified":"2025-11-07T13:47:20+00:00","breadcrumb":{"@id":"https:\/\/karierawfarmacji.pl\/regulamin\/#breadcrumb"},"inLanguage":"en-GB","potentialAction":[{"@type":"ReadAction","target":["https:\/\/karierawfarmacji.pl\/regulamin\/"]}]},{"@type":"BreadcrumbList","@id":"https:\/\/karierawfarmacji.pl\/regulamin\/#breadcrumb","itemListElement":[{"@type":"ListItem","position":1,"name":"Strona g\u0142\u00f3wna","item":"https:\/\/karierawfarmacji.pl\/"},{"@type":"ListItem","position":2,"name":"Regulamin sklepu"}]},{"@type":"WebSite","@id":"https:\/\/karierawfarmacji.pl\/#website","url":"https:\/\/karierawfarmacji.pl\/","name":"Kariera w farmacji","description":"Kursy praca w farmacji","publisher":{"@id":"https:\/\/karierawfarmacji.pl\/#organization"},"potentialAction":[{"@type":"SearchAction","target":{"@type":"EntryPoint","urlTemplate":"https:\/\/karierawfarmacji.pl\/?s={search_term_string}"},"query-input":{"@type":"PropertyValueSpecification","valueRequired":true,"valueName":"search_term_string"}}],"inLanguage":"en-GB"},{"@type":"Organization","@id":"https:\/\/karierawfarmacji.pl\/#organization","name":"Kariera w farmacji","url":"https:\/\/karierawfarmacji.pl\/","logo":{"@type":"ImageObject","inLanguage":"en-GB","@id":"https:\/\/karierawfarmacji.pl\/#\/schema\/logo\/image\/","url":"https:\/\/karierawfarmacji.pl\/wp-content\/uploads\/2025\/04\/logo-kwf-granat-png.png","contentUrl":"https:\/\/karierawfarmacji.pl\/wp-content\/uploads\/2025\/04\/logo-kwf-granat-png.png","width":8930,"height":2850,"caption":"Kariera w farmacji"},"image":{"@id":"https:\/\/karierawfarmacji.pl\/#\/schema\/logo\/image\/"}}]}},"jetpack_sharing_enabled":true,"_links":{"self":[{"href":"https:\/\/karierawfarmacji.pl\/en\/wp-json\/wp\/v2\/pages\/16","targetHints":{"allow":["GET"]}}],"collection":[{"href":"https:\/\/karierawfarmacji.pl\/en\/wp-json\/wp\/v2\/pages"}],"about":[{"href":"https:\/\/karierawfarmacji.pl\/en\/wp-json\/wp\/v2\/types\/page"}],"author":[{"embeddable":true,"href":"https:\/\/karierawfarmacji.pl\/en\/wp-json\/wp\/v2\/users\/1"}],"replies":[{"embeddable":true,"href":"https:\/\/karierawfarmacji.pl\/en\/wp-json\/wp\/v2\/comments?post=16"}],"version-history":[{"count":4,"href":"https:\/\/karierawfarmacji.pl\/en\/wp-json\/wp\/v2\/pages\/16\/revisions"}],"predecessor-version":[{"id":11693,"href":"https:\/\/karierawfarmacji.pl\/en\/wp-json\/wp\/v2\/pages\/16\/revisions\/11693"}],"wp:attachment":[{"href":"https:\/\/karierawfarmacji.pl\/en\/wp-json\/wp\/v2\/media?parent=16"}],"curies":[{"name":"wp","href":"https:\/\/api.w.org\/{rel}","templated":true}]}}