{"id":2458,"date":"2025-04-14T11:31:03","date_gmt":"2025-04-14T11:31:03","guid":{"rendered":"https:\/\/karierawfarmacji.pl\/?post_type=product&#038;p=2458"},"modified":"2026-04-09T17:08:37","modified_gmt":"2026-04-09T15:08:37","slug":"monitor-badan","status":"publish","type":"product","link":"https:\/\/karierawfarmacji.pl\/en\/product\/monitor-badan\/","title":{"rendered":"Monitor Bada\u0144 Klinicznych"},"content":{"rendered":"","protected":false},"excerpt":{"rendered":"","protected":false},"featured_media":11205,"template":"","meta":{"_acf_changed":false,"_angie_page":false},"product_brand":[],"product_cat":[26,68],"product_tag":[],"class_list":{"0":"post-2458","1":"product","2":"type-product","3":"status-publish","4":"has-post-thumbnail","6":"product_cat-badania-kliniczne-kategoria","7":"product_cat-bestseller","9":"first","10":"instock","11":"virtual","12":"sold-individually","13":"taxable","14":"purchasable","15":"product-type-simple"},"acf":[],"yoast_head":"<!-- This site is optimized with the Yoast SEO plugin v27.5 - https:\/\/yoast.com\/product\/yoast-seo-wordpress\/ -->\n<title>Monitor Bada\u0144 Klinicznych - Kariera w farmacji<\/title>\n<meta name=\"description\" content=\"Zacznij karier\u0119 jako Monitor Bada\u0144 Klinicznych! Kurs online z certyfikatem \u2013 naucz si\u0119 GCP, planowania wizyt i raportowania w badaniach klinicznych.\" \/>\n<meta name=\"robots\" content=\"index, follow, max-snippet:-1, max-image-preview:large, max-video-preview:-1\" \/>\n<link rel=\"canonical\" href=\"https:\/\/karierawfarmacji.pl\/en\/product\/monitor-badan\/\" \/>\n<meta property=\"og:locale\" content=\"en_GB\" \/>\n<meta property=\"og:type\" content=\"article\" \/>\n<meta property=\"og:title\" content=\"Monitor Bada\u0144 Klinicznych - Kariera w farmacji\" \/>\n<meta property=\"og:description\" content=\"Zacznij karier\u0119 jako Monitor Bada\u0144 Klinicznych! Kurs online z certyfikatem \u2013 naucz si\u0119 GCP, planowania wizyt i raportowania w badaniach klinicznych.\" \/>\n<meta property=\"og:url\" content=\"https:\/\/karierawfarmacji.pl\/en\/product\/monitor-badan\/\" \/>\n<meta property=\"og:site_name\" content=\"Kariera w farmacji\" \/>\n<meta property=\"article:modified_time\" content=\"2026-04-09T15:08:37+00:00\" \/>\n<meta property=\"og:image\" content=\"https:\/\/karierawfarmacji.pl\/wp-content\/uploads\/2025\/04\/Monitor-badan-klinicznych.png\" \/>\n\t<meta property=\"og:image:width\" content=\"768\" \/>\n\t<meta property=\"og:image:height\" content=\"768\" \/>\n\t<meta property=\"og:image:type\" content=\"image\/png\" \/>\n<meta name=\"twitter:card\" content=\"summary_large_image\" \/>\n<meta name=\"twitter:label1\" content=\"Estimated reading time\" \/>\n\t<meta name=\"twitter:data1\" content=\"1 minute\" \/>\n<script type=\"application\/ld+json\" class=\"yoast-schema-graph\">{\"@context\":\"https:\\\/\\\/schema.org\",\"@graph\":[{\"@type\":\"WebPage\",\"@id\":\"https:\\\/\\\/karierawfarmacji.pl\\\/produkt\\\/monitor-badan\\\/\",\"url\":\"https:\\\/\\\/karierawfarmacji.pl\\\/produkt\\\/monitor-badan\\\/\",\"name\":\"Monitor Bada\u0144 Klinicznych - Kariera w farmacji\",\"isPartOf\":{\"@id\":\"https:\\\/\\\/karierawfarmacji.pl\\\/#website\"},\"primaryImageOfPage\":{\"@id\":\"https:\\\/\\\/karierawfarmacji.pl\\\/produkt\\\/monitor-badan\\\/#primaryimage\"},\"image\":{\"@id\":\"https:\\\/\\\/karierawfarmacji.pl\\\/produkt\\\/monitor-badan\\\/#primaryimage\"},\"thumbnailUrl\":\"https:\\\/\\\/karierawfarmacji.pl\\\/wp-content\\\/uploads\\\/2025\\\/04\\\/Monitor-badan-klinicznych.png\",\"datePublished\":\"2025-04-14T11:31:03+00:00\",\"dateModified\":\"2026-04-09T15:08:37+00:00\",\"description\":\"Zacznij karier\u0119 jako Monitor Bada\u0144 Klinicznych! Kurs online z certyfikatem \u2013 naucz si\u0119 GCP, planowania wizyt i raportowania w badaniach klinicznych.\",\"breadcrumb\":{\"@id\":\"https:\\\/\\\/karierawfarmacji.pl\\\/produkt\\\/monitor-badan\\\/#breadcrumb\"},\"inLanguage\":\"en-GB\",\"potentialAction\":[{\"@type\":\"ReadAction\",\"target\":[\"https:\\\/\\\/karierawfarmacji.pl\\\/produkt\\\/monitor-badan\\\/\"]}]},{\"@type\":\"ImageObject\",\"inLanguage\":\"en-GB\",\"@id\":\"https:\\\/\\\/karierawfarmacji.pl\\\/produkt\\\/monitor-badan\\\/#primaryimage\",\"url\":\"https:\\\/\\\/karierawfarmacji.pl\\\/wp-content\\\/uploads\\\/2025\\\/04\\\/Monitor-badan-klinicznych.png\",\"contentUrl\":\"https:\\\/\\\/karierawfarmacji.pl\\\/wp-content\\\/uploads\\\/2025\\\/04\\\/Monitor-badan-klinicznych.png\",\"width\":768,\"height\":768},{\"@type\":\"BreadcrumbList\",\"@id\":\"https:\\\/\\\/karierawfarmacji.pl\\\/produkt\\\/monitor-badan\\\/#breadcrumb\",\"itemListElement\":[{\"@type\":\"ListItem\",\"position\":1,\"name\":\"Strona g\u0142\u00f3wna\",\"item\":\"https:\\\/\\\/karierawfarmacji.pl\\\/\"},{\"@type\":\"ListItem\",\"position\":2,\"name\":\"Sklep\",\"item\":\"https:\\\/\\\/karierawfarmacji.pl\\\/sklep\\\/\"},{\"@type\":\"ListItem\",\"position\":3,\"name\":\"Monitor Bada\u0144 Klinicznych\"}]},{\"@type\":\"WebSite\",\"@id\":\"https:\\\/\\\/karierawfarmacji.pl\\\/#website\",\"url\":\"https:\\\/\\\/karierawfarmacji.pl\\\/\",\"name\":\"Kariera w farmacji\",\"description\":\"Kursy praca w farmacji\",\"publisher\":{\"@id\":\"https:\\\/\\\/karierawfarmacji.pl\\\/#organization\"},\"potentialAction\":[{\"@type\":\"SearchAction\",\"target\":{\"@type\":\"EntryPoint\",\"urlTemplate\":\"https:\\\/\\\/karierawfarmacji.pl\\\/?s={search_term_string}\"},\"query-input\":{\"@type\":\"PropertyValueSpecification\",\"valueRequired\":true,\"valueName\":\"search_term_string\"}}],\"inLanguage\":\"en-GB\"},{\"@type\":\"Organization\",\"@id\":\"https:\\\/\\\/karierawfarmacji.pl\\\/#organization\",\"name\":\"Kariera w farmacji\",\"url\":\"https:\\\/\\\/karierawfarmacji.pl\\\/\",\"logo\":{\"@type\":\"ImageObject\",\"inLanguage\":\"en-GB\",\"@id\":\"https:\\\/\\\/karierawfarmacji.pl\\\/#\\\/schema\\\/logo\\\/image\\\/\",\"url\":\"https:\\\/\\\/karierawfarmacji.pl\\\/wp-content\\\/uploads\\\/2025\\\/04\\\/logo-kwf-granat-png.png\",\"contentUrl\":\"https:\\\/\\\/karierawfarmacji.pl\\\/wp-content\\\/uploads\\\/2025\\\/04\\\/logo-kwf-granat-png.png\",\"width\":8930,\"height\":2850,\"caption\":\"Kariera w farmacji\"},\"image\":{\"@id\":\"https:\\\/\\\/karierawfarmacji.pl\\\/#\\\/schema\\\/logo\\\/image\\\/\"}}]}<\/script>\n<!-- \/ Yoast SEO plugin. -->","yoast_head_json":{"title":"Monitor Bada\u0144 Klinicznych - Kariera w farmacji","description":"Zacznij karier\u0119 jako Monitor Bada\u0144 Klinicznych! Kurs online z certyfikatem \u2013 naucz si\u0119 GCP, planowania wizyt i raportowania w badaniach klinicznych.","robots":{"index":"index","follow":"follow","max-snippet":"max-snippet:-1","max-image-preview":"max-image-preview:large","max-video-preview":"max-video-preview:-1"},"canonical":"https:\/\/karierawfarmacji.pl\/en\/product\/monitor-badan\/","og_locale":"en_GB","og_type":"article","og_title":"Monitor Bada\u0144 Klinicznych - Kariera w farmacji","og_description":"Zacznij karier\u0119 jako Monitor Bada\u0144 Klinicznych! Kurs online z certyfikatem \u2013 naucz si\u0119 GCP, planowania wizyt i raportowania w badaniach klinicznych.","og_url":"https:\/\/karierawfarmacji.pl\/en\/product\/monitor-badan\/","og_site_name":"Kariera w farmacji","article_modified_time":"2026-04-09T15:08:37+00:00","og_image":[{"width":768,"height":768,"url":"https:\/\/karierawfarmacji.pl\/wp-content\/uploads\/2025\/04\/Monitor-badan-klinicznych.png","type":"image\/png"}],"twitter_card":"summary_large_image","twitter_misc":{"Estimated reading time":"1 minute"},"schema":{"@context":"https:\/\/schema.org","@graph":[{"@type":"WebPage","@id":"https:\/\/karierawfarmacji.pl\/produkt\/monitor-badan\/","url":"https:\/\/karierawfarmacji.pl\/produkt\/monitor-badan\/","name":"Monitor Bada\u0144 Klinicznych - Kariera w farmacji","isPartOf":{"@id":"https:\/\/karierawfarmacji.pl\/#website"},"primaryImageOfPage":{"@id":"https:\/\/karierawfarmacji.pl\/produkt\/monitor-badan\/#primaryimage"},"image":{"@id":"https:\/\/karierawfarmacji.pl\/produkt\/monitor-badan\/#primaryimage"},"thumbnailUrl":"https:\/\/karierawfarmacji.pl\/wp-content\/uploads\/2025\/04\/Monitor-badan-klinicznych.png","datePublished":"2025-04-14T11:31:03+00:00","dateModified":"2026-04-09T15:08:37+00:00","description":"Zacznij karier\u0119 jako Monitor Bada\u0144 Klinicznych! Kurs online z certyfikatem \u2013 naucz si\u0119 GCP, planowania wizyt i raportowania w badaniach klinicznych.","breadcrumb":{"@id":"https:\/\/karierawfarmacji.pl\/produkt\/monitor-badan\/#breadcrumb"},"inLanguage":"en-GB","potentialAction":[{"@type":"ReadAction","target":["https:\/\/karierawfarmacji.pl\/produkt\/monitor-badan\/"]}]},{"@type":"ImageObject","inLanguage":"en-GB","@id":"https:\/\/karierawfarmacji.pl\/produkt\/monitor-badan\/#primaryimage","url":"https:\/\/karierawfarmacji.pl\/wp-content\/uploads\/2025\/04\/Monitor-badan-klinicznych.png","contentUrl":"https:\/\/karierawfarmacji.pl\/wp-content\/uploads\/2025\/04\/Monitor-badan-klinicznych.png","width":768,"height":768},{"@type":"BreadcrumbList","@id":"https:\/\/karierawfarmacji.pl\/produkt\/monitor-badan\/#breadcrumb","itemListElement":[{"@type":"ListItem","position":1,"name":"Strona g\u0142\u00f3wna","item":"https:\/\/karierawfarmacji.pl\/"},{"@type":"ListItem","position":2,"name":"Sklep","item":"https:\/\/karierawfarmacji.pl\/sklep\/"},{"@type":"ListItem","position":3,"name":"Monitor Bada\u0144 Klinicznych"}]},{"@type":"WebSite","@id":"https:\/\/karierawfarmacji.pl\/#website","url":"https:\/\/karierawfarmacji.pl\/","name":"Kariera w farmacji","description":"Kursy praca w farmacji","publisher":{"@id":"https:\/\/karierawfarmacji.pl\/#organization"},"potentialAction":[{"@type":"SearchAction","target":{"@type":"EntryPoint","urlTemplate":"https:\/\/karierawfarmacji.pl\/?s={search_term_string}"},"query-input":{"@type":"PropertyValueSpecification","valueRequired":true,"valueName":"search_term_string"}}],"inLanguage":"en-GB"},{"@type":"Organization","@id":"https:\/\/karierawfarmacji.pl\/#organization","name":"Kariera w farmacji","url":"https:\/\/karierawfarmacji.pl\/","logo":{"@type":"ImageObject","inLanguage":"en-GB","@id":"https:\/\/karierawfarmacji.pl\/#\/schema\/logo\/image\/","url":"https:\/\/karierawfarmacji.pl\/wp-content\/uploads\/2025\/04\/logo-kwf-granat-png.png","contentUrl":"https:\/\/karierawfarmacji.pl\/wp-content\/uploads\/2025\/04\/logo-kwf-granat-png.png","width":8930,"height":2850,"caption":"Kariera w farmacji"},"image":{"@id":"https:\/\/karierawfarmacji.pl\/#\/schema\/logo\/image\/"}}]}},"jetpack_sharing_enabled":true,"_links":{"self":[{"href":"https:\/\/karierawfarmacji.pl\/en\/wp-json\/wp\/v2\/product\/2458","targetHints":{"allow":["GET"]}}],"collection":[{"href":"https:\/\/karierawfarmacji.pl\/en\/wp-json\/wp\/v2\/product"}],"about":[{"href":"https:\/\/karierawfarmacji.pl\/en\/wp-json\/wp\/v2\/types\/product"}],"wp:featuredmedia":[{"embeddable":true,"href":"https:\/\/karierawfarmacji.pl\/en\/wp-json\/wp\/v2\/media\/11205"}],"wp:attachment":[{"href":"https:\/\/karierawfarmacji.pl\/en\/wp-json\/wp\/v2\/media?parent=2458"}],"wp:term":[{"taxonomy":"product_brand","embeddable":true,"href":"https:\/\/karierawfarmacji.pl\/en\/wp-json\/wp\/v2\/product_brand?post=2458"},{"taxonomy":"product_cat","embeddable":true,"href":"https:\/\/karierawfarmacji.pl\/en\/wp-json\/wp\/v2\/product_cat?post=2458"},{"taxonomy":"product_tag","embeddable":true,"href":"https:\/\/karierawfarmacji.pl\/en\/wp-json\/wp\/v2\/product_tag?post=2458"}],"curies":[{"name":"wp","href":"https:\/\/api.w.org\/{rel}","templated":true}]}}